{"id":438,"date":"2021-08-28T00:30:39","date_gmt":"2021-08-28T00:30:39","guid":{"rendered":"http:\/\/alarmasdigitales.com\/?page_id=438"},"modified":"2021-10-04T18:59:52","modified_gmt":"2021-10-04T18:59:52","slug":"nuestra-empresa","status":"publish","type":"page","link":"https:\/\/alarmasdigitales.com\/index.php\/nuestra-empresa\/","title":{"rendered":"NUESTRA EMPRESA"},"content":{"rendered":"\t\t<div data-elementor-type=\"wp-page\" data-elementor-id=\"438\" class=\"elementor elementor-438\" data-elementor-settings=\"[]\">\n\t\t\t\t\t\t\t<div class=\"elementor-section-wrap\">\n\t\t\t\t\t\t\t<section class=\"elementor-section elementor-top-section elementor-element elementor-element-a726b6d elementor-section-full_width elementor-section-height-min-height elementor-section-stretched elementor-section-height-default elementor-section-items-middle\" data-id=\"a726b6d\" data-element_type=\"section\" data-settings=\"{&quot;stretch_section&quot;:&quot;section-stretched&quot;,&quot;background_background&quot;:&quot;classic&quot;,&quot;background_motion_fx_motion_fx_scrolling&quot;:&quot;yes&quot;,&quot;background_motion_fx_translateY_effect&quot;:&quot;yes&quot;,&quot;background_motion_fx_translateY_speed&quot;:{&quot;unit&quot;:&quot;px&quot;,&quot;size&quot;:9.5,&quot;sizes&quot;:[]},&quot;background_motion_fx_translateY_affectedRange&quot;:{&quot;unit&quot;:&quot;%&quot;,&quot;size&quot;:&quot;&quot;,&quot;sizes&quot;:{&quot;start&quot;:48,&quot;end&quot;:100}},&quot;background_motion_fx_devices&quot;:[&quot;desktop&quot;,&quot;tablet&quot;,&quot;mobile&quot;]}\">\n\t\t\t\t\t\t<div class=\"elementor-container elementor-column-gap-extended\">\n\t\t\t\t\t<div class=\"elementor-column elementor-col-100 elementor-top-column elementor-element elementor-element-a4259a9\" data-id=\"a4259a9\" data-element_type=\"column\" data-settings=\"{&quot;background_background&quot;:&quot;classic&quot;}\">\n\t\t\t<div class=\"elementor-widget-wrap elementor-element-populated\">\n\t\t\t\t\t\t\t\t<div class=\"elementor-element elementor-element-f84b445 elementor-widget elementor-widget-global elementor-global-141 elementor-widget-image\" data-id=\"f84b445\" data-element_type=\"widget\" data-widget_type=\"image.default\">\n\t\t\t\t<div class=\"elementor-widget-container\">\n\t\t\t\t\t\t\t\t\t\t\t\t\t\t\t<img width=\"313\" height=\"176\" src=\"https:\/\/alarmasdigitales.com\/wp-content\/uploads\/2021\/08\/cropped-30073072_1941933752503881_2053803462433084682_o-e1630052742119-1-1-removebg-preview.png\" class=\"attachment-large size-large\" alt=\"\" loading=\"lazy\" srcset=\"https:\/\/alarmasdigitales.com\/wp-content\/uploads\/2021\/08\/cropped-30073072_1941933752503881_2053803462433084682_o-e1630052742119-1-1-removebg-preview.png 313w, https:\/\/alarmasdigitales.com\/wp-content\/uploads\/2021\/08\/cropped-30073072_1941933752503881_2053803462433084682_o-e1630052742119-1-1-removebg-preview-300x169.png 300w\" sizes=\"(max-width: 313px) 100vw, 313px\" \/>\t\t\t\t\t\t\t\t\t\t\t\t\t\t\t<\/div>\n\t\t\t\t<\/div>\n\t\t\t\t<div class=\"elementor-element elementor-element-bd6366c elementor-widget elementor-widget-global elementor-global-705 elementor-widget-heading\" data-id=\"bd6366c\" data-element_type=\"widget\" data-widget_type=\"heading.default\">\n\t\t\t\t<div class=\"elementor-widget-container\">\n\t\t\t<h2 class=\"elementor-heading-title elementor-size-default\">VIVE Y DUERME TRANQUILO<\/h2>\t\t<\/div>\n\t\t\t\t<\/div>\n\t\t\t\t<div class=\"elementor-element elementor-element-6328811 elementor-hidden-phone elementor-widget elementor-widget-text-editor\" data-id=\"6328811\" data-element_type=\"widget\" data-widget_type=\"text-editor.default\">\n\t\t\t\t<div class=\"elementor-widget-container\">\n\t\t\t\t\t\t\t\t<h1>NUESTRA EMPRESA<\/h1>\n<h4 style=\"color: #000;\">SOMOS UNA EMPRESA MEXICANA CON 25 A\u00d1OS DE\nEXPERIENCIA EN SEGURIDAD ELECTR\u00d3NICA CONTAMOS CON T\u00c9CNICOS\nESPECIALIZADOS EN SEGURIDAD Y\/O MANTENIMIENTO, INSTALACI\u00d3N DE ALARMA\n, INSTALACI\u00d3N DE CCTV , INSTALACI\u00d3N DE CERCA ELECTRIFICADA, CONTROLES DE\nACCESO, ALARMAS CONTRA INCENDIO Y MONITOREO DE SE\u00d1ALES DE ALARMAS.\nCONTAMOS CON EL SISTEMA DE TRANSMISI\u00d3N CON SE\u00d1AL UHF\n(RADIOFRECUENCIA) Y LA NUEVA TECNOLOG\u00cdA DE CONEXI\u00d3N IP, GSM.\nTRABAJANDO LOS 365 D\u00cdAS DEL A\u00d1O LAS 24 HRS<\/h4>\n\t\t\t\t\t\t<\/div>\n\t\t\t\t<\/div>\n\t\t\t\t<div class=\"elementor-element elementor-element-5828d23 elementor-hidden-desktop elementor-hidden-tablet elementor-widget elementor-widget-text-editor\" data-id=\"5828d23\" data-element_type=\"widget\" data-widget_type=\"text-editor.default\">\n\t\t\t\t<div class=\"elementor-widget-container\">\n\t\t\t\t\t\t\t\t<h4>NUESTRA EMPRESA<\/h4><h6 style=\"color: #000;\">SOMOS UNA EMPRESA MEXICANA CON 25 A\u00d1OS DE<br \/>EXPERIENCIA EN SEGURIDAD ELECTR\u00d3NICA CONTAMOS CON T\u00c9CNICOS<br \/>ESPECIALIZADOS EN SEGURIDAD Y\/O MANTENIMIENTO, INSTALACI\u00d3N DE ALARMA<br \/>, INSTALACI\u00d3N DE CCTV , INSTALACI\u00d3N DE CERCA ELECTRIFICADA, CONTROLES DE<br \/>ACCESO, ALARMAS CONTRA INCENDIO Y MONITOREO DE SE\u00d1ALES DE ALARMAS.<br \/>CONTAMOS CON EL SISTEMA DE TRANSMISI\u00d3N CON SE\u00d1AL UHF<br \/>(RADIOFRECUENCIA) Y LA NUEVA TECNOLOG\u00cdA DE CONEXI\u00d3N IP, GSM.<br \/>TRABAJANDO LOS 365 D\u00cdAS DEL A\u00d1O LAS 24 HRS<\/h6>\t\t\t\t\t\t<\/div>\n\t\t\t\t<\/div>\n\t\t\t\t\t<\/div>\n\t\t<\/div>\n\t\t\t\t\t\t\t<\/div>\n\t\t<\/section>\n\t\t\t\t\t\t<\/div>\n\t\t\t\t\t<\/div>\n\t\t","protected":false},"excerpt":{"rendered":"<p>VIVE Y DUERME TRANQUILO NUESTRA EMPRESA SOMOS UNA EMPRESA MEXICANA CON 25 A\u00d1OS DE EXPERIENCIA EN SEGURIDAD ELECTR\u00d3NICA CONTAMOS CON T\u00c9CNICOS ESPECIALIZADOS EN SEGURIDAD Y\/O MANTENIMIENTO, INSTALACI\u00d3N DE ALARMA ,&hellip;<\/p>\n","protected":false},"author":1,"featured_media":0,"parent":0,"menu_order":0,"comment_status":"closed","ping_status":"closed","template":"","meta":{"om_disable_all_campaigns":false},"_links":{"self":[{"href":"https:\/\/alarmasdigitales.com\/index.php\/wp-json\/wp\/v2\/pages\/438"}],"collection":[{"href":"https:\/\/alarmasdigitales.com\/index.php\/wp-json\/wp\/v2\/pages"}],"about":[{"href":"https:\/\/alarmasdigitales.com\/index.php\/wp-json\/wp\/v2\/types\/page"}],"author":[{"embeddable":true,"href":"https:\/\/alarmasdigitales.com\/index.php\/wp-json\/wp\/v2\/users\/1"}],"replies":[{"embeddable":true,"href":"https:\/\/alarmasdigitales.com\/index.php\/wp-json\/wp\/v2\/comments?post=438"}],"version-history":[{"count":94,"href":"https:\/\/alarmasdigitales.com\/index.php\/wp-json\/wp\/v2\/pages\/438\/revisions"}],"predecessor-version":[{"id":1051,"href":"https:\/\/alarmasdigitales.com\/index.php\/wp-json\/wp\/v2\/pages\/438\/revisions\/1051"}],"wp:attachment":[{"href":"https:\/\/alarmasdigitales.com\/index.php\/wp-json\/wp\/v2\/media?parent=438"}],"curies":[{"name":"wp","href":"https:\/\/api.w.org\/{rel}","templated":true}]}}