{"id":865,"date":"2021-09-16T00:10:01","date_gmt":"2021-09-16T00:10:01","guid":{"rendered":"http:\/\/alarmasdigitales.com\/?page_id=865"},"modified":"2021-10-04T19:01:00","modified_gmt":"2021-10-04T19:01:00","slug":"sistema-de-alarmas","status":"publish","type":"page","link":"https:\/\/alarmasdigitales.com\/index.php\/sistema-de-alarmas\/","title":{"rendered":"SISTEMA DE ALARMAS"},"content":{"rendered":"\t\t<div data-elementor-type=\"wp-page\" data-elementor-id=\"865\" class=\"elementor elementor-865\" data-elementor-settings=\"[]\">\n\t\t\t\t\t\t\t<div class=\"elementor-section-wrap\">\n\t\t\t\t\t\t\t<section class=\"elementor-section elementor-top-section elementor-element elementor-element-191c69bc elementor-section-stretched elementor-section-full_width elementor-section-height-min-height elementor-section-items-stretch elementor-section-content-middle elementor-section-height-default\" data-id=\"191c69bc\" data-element_type=\"section\" data-settings=\"{&quot;stretch_section&quot;:&quot;section-stretched&quot;,&quot;background_background&quot;:&quot;classic&quot;}\">\n\t\t\t\t\t\t\t<div class=\"elementor-background-overlay\"><\/div>\n\t\t\t\t\t\t\t<div class=\"elementor-container elementor-column-gap-no\">\n\t\t\t\t\t<div class=\"elementor-column elementor-col-50 elementor-top-column elementor-element elementor-element-feed181\" data-id=\"feed181\" data-element_type=\"column\" data-settings=\"{&quot;background_background&quot;:&quot;classic&quot;}\">\n\t\t\t<div class=\"elementor-widget-wrap elementor-element-populated\">\n\t\t\t\t\t<div class=\"elementor-background-overlay\"><\/div>\n\t\t\t\t\t\t\t\t<div class=\"elementor-element elementor-element-ab1e079 elementor-hidden-phone elementor-widget elementor-widget-image\" data-id=\"ab1e079\" data-element_type=\"widget\" data-widget_type=\"image.default\">\n\t\t\t\t<div class=\"elementor-widget-container\">\n\t\t\t\t\t\t\t\t\t\t\t\t\t\t\t<img src=\"https:\/\/alarmasdigitales.com\/wp-content\/uploads\/2021\/09\/WhatsApp-Image-2021-09-15-at-7.12.52-PM-1.jpeg\" title=\"WhatsApp Image 2021-09-15 at 7.12.52 PM (1)\" alt=\"WhatsApp Image 2021-09-15 at 7.12.52 PM (1)\" \/>\t\t\t\t\t\t\t\t\t\t\t\t\t\t\t<\/div>\n\t\t\t\t<\/div>\n\t\t\t\t\t<\/div>\n\t\t<\/div>\n\t\t\t\t<div class=\"elementor-column elementor-col-50 elementor-top-column elementor-element elementor-element-7e5c21d\" data-id=\"7e5c21d\" data-element_type=\"column\" data-settings=\"{&quot;background_background&quot;:&quot;none&quot;}\">\n\t\t\t<div class=\"elementor-widget-wrap elementor-element-populated\">\n\t\t\t\t\t\t\t\t<div class=\"elementor-element elementor-element-624aae1 elementor-widget elementor-widget-image\" data-id=\"624aae1\" data-element_type=\"widget\" data-widget_type=\"image.default\">\n\t\t\t\t<div class=\"elementor-widget-container\">\n\t\t\t\t\t\t\t\t\t\t\t\t\t\t\t<img width=\"313\" height=\"176\" src=\"https:\/\/alarmasdigitales.com\/wp-content\/uploads\/2021\/08\/cropped-cropped-30073072_1941933752503881_2053803462433084682_o-e1630052742119-1-1-removebg-preview-1.png\" class=\"attachment-medium_large size-medium_large\" alt=\"\" loading=\"lazy\" srcset=\"https:\/\/alarmasdigitales.com\/wp-content\/uploads\/2021\/08\/cropped-cropped-30073072_1941933752503881_2053803462433084682_o-e1630052742119-1-1-removebg-preview-1.png 313w, https:\/\/alarmasdigitales.com\/wp-content\/uploads\/2021\/08\/cropped-cropped-30073072_1941933752503881_2053803462433084682_o-e1630052742119-1-1-removebg-preview-1-300x169.png 300w\" sizes=\"(max-width: 313px) 100vw, 313px\" \/>\t\t\t\t\t\t\t\t\t\t\t\t\t\t\t<\/div>\n\t\t\t\t<\/div>\n\t\t\t\t<div class=\"elementor-element elementor-element-ea3ba6d elementor-widget elementor-widget-global elementor-global-705 elementor-widget-heading\" data-id=\"ea3ba6d\" data-element_type=\"widget\" data-widget_type=\"heading.default\">\n\t\t\t\t<div class=\"elementor-widget-container\">\n\t\t\t<h2 class=\"elementor-heading-title elementor-size-default\">VIVE Y DUERME TRANQUILO<\/h2>\t\t<\/div>\n\t\t\t\t<\/div>\n\t\t\t\t<div class=\"elementor-element elementor-element-444f67a7 elementor-widget elementor-widget-heading\" data-id=\"444f67a7\" data-element_type=\"widget\" data-widget_type=\"heading.default\">\n\t\t\t\t<div class=\"elementor-widget-container\">\n\t\t\t<h2 class=\"elementor-heading-title elementor-size-default\">SISTEMA DE ALARMAS<\/h2>\t\t<\/div>\n\t\t\t\t<\/div>\n\t\t\t\t<div class=\"elementor-element elementor-element-165a102a elementor-widget-divider--view-line elementor-widget elementor-widget-divider\" data-id=\"165a102a\" data-element_type=\"widget\" data-widget_type=\"divider.default\">\n\t\t\t\t<div class=\"elementor-widget-container\">\n\t\t\t\t\t<div class=\"elementor-divider\">\n\t\t\t<span class=\"elementor-divider-separator\">\n\t\t\t\t\t\t<\/span>\n\t\t<\/div>\n\t\t\t\t<\/div>\n\t\t\t\t<\/div>\n\t\t\t\t<div class=\"elementor-element elementor-element-b21ccac elementor-widget elementor-widget-text-editor\" data-id=\"b21ccac\" data-element_type=\"widget\" data-widget_type=\"text-editor.default\">\n\t\t\t\t<div class=\"elementor-widget-container\">\n\t\t\t\t\t\t\t\t<h5 style=\"text-align: center;\"><strong><span style=\"color: #000000;\">Es un sistema que da la funci\u00f3n de advertir de una situaci\u00f3n anormal de la intrusi\u00f3n de personas, la presencia de agentes t\u00f3xicos (gas LP, gas natural) o cualquier situaci\u00f3n anormal que se pueda presentar en el usuario. Una vez que la alarma empieza a funcionar la alarma es advertir el allanamiento en un inmueble, los equipos puede estar conectados con una central de monitoreo a trav\u00e9s de tel\u00e9fono , conexi\u00f3n IP o comunicaci\u00f3n radio UHF Son capaces de reducir el tiempo de ejecuci\u00f3n de la intrusi\u00f3n, con el fin de evitar m\u00e1s da\u00f1os o p\u00e9rdidas, dando aviso sonoro y\/o telef\u00f3nico.<\/span><\/strong><\/h5><p>\u00a0<\/p>\t\t\t\t\t\t<\/div>\n\t\t\t\t<\/div>\n\t\t\t\t\t<\/div>\n\t\t<\/div>\n\t\t\t\t\t\t\t<\/div>\n\t\t<\/section>\n\t\t\t\t\t\t<\/div>\n\t\t\t\t\t<\/div>\n\t\t","protected":false},"excerpt":{"rendered":"<p>VIVE Y DUERME TRANQUILO SISTEMA DE ALARMAS Es un sistema que da la funci\u00f3n de advertir de una situaci\u00f3n anormal de la intrusi\u00f3n de personas, la presencia de agentes t\u00f3xicos&hellip;<\/p>\n","protected":false},"author":1,"featured_media":0,"parent":0,"menu_order":0,"comment_status":"closed","ping_status":"closed","template":"","meta":{"om_disable_all_campaigns":false},"_links":{"self":[{"href":"https:\/\/alarmasdigitales.com\/index.php\/wp-json\/wp\/v2\/pages\/865"}],"collection":[{"href":"https:\/\/alarmasdigitales.com\/index.php\/wp-json\/wp\/v2\/pages"}],"about":[{"href":"https:\/\/alarmasdigitales.com\/index.php\/wp-json\/wp\/v2\/types\/page"}],"author":[{"embeddable":true,"href":"https:\/\/alarmasdigitales.com\/index.php\/wp-json\/wp\/v2\/users\/1"}],"replies":[{"embeddable":true,"href":"https:\/\/alarmasdigitales.com\/index.php\/wp-json\/wp\/v2\/comments?post=865"}],"version-history":[{"count":27,"href":"https:\/\/alarmasdigitales.com\/index.php\/wp-json\/wp\/v2\/pages\/865\/revisions"}],"predecessor-version":[{"id":1057,"href":"https:\/\/alarmasdigitales.com\/index.php\/wp-json\/wp\/v2\/pages\/865\/revisions\/1057"}],"wp:attachment":[{"href":"https:\/\/alarmasdigitales.com\/index.php\/wp-json\/wp\/v2\/media?parent=865"}],"curies":[{"name":"wp","href":"https:\/\/api.w.org\/{rel}","templated":true}]}}