{"id":875,"date":"2021-09-16T00:13:20","date_gmt":"2021-09-16T00:13:20","guid":{"rendered":"http:\/\/alarmasdigitales.com\/?page_id=875"},"modified":"2021-10-04T19:03:38","modified_gmt":"2021-10-04T19:03:38","slug":"sistema-de-monitoreo","status":"publish","type":"page","link":"https:\/\/alarmasdigitales.com\/index.php\/sistema-de-monitoreo\/","title":{"rendered":"SISTEMA DE MONITOREO"},"content":{"rendered":"\t\t<div data-elementor-type=\"wp-page\" data-elementor-id=\"875\" class=\"elementor elementor-875\" data-elementor-settings=\"[]\">\n\t\t\t\t\t\t\t<div class=\"elementor-section-wrap\">\n\t\t\t\t\t\t\t<section class=\"elementor-section elementor-top-section elementor-element elementor-element-4761daf3 elementor-section-stretched elementor-section-full_width elementor-section-height-min-height elementor-section-items-stretch elementor-section-content-middle elementor-section-height-default\" data-id=\"4761daf3\" data-element_type=\"section\" data-settings=\"{&quot;stretch_section&quot;:&quot;section-stretched&quot;,&quot;background_background&quot;:&quot;classic&quot;}\">\n\t\t\t\t\t\t\t<div class=\"elementor-background-overlay\"><\/div>\n\t\t\t\t\t\t\t<div class=\"elementor-container elementor-column-gap-no\">\n\t\t\t\t\t<div class=\"elementor-column elementor-col-50 elementor-top-column elementor-element elementor-element-5f3f7760\" data-id=\"5f3f7760\" data-element_type=\"column\" data-settings=\"{&quot;background_background&quot;:&quot;classic&quot;}\">\n\t\t\t<div class=\"elementor-widget-wrap elementor-element-populated\">\n\t\t\t\t\t<div class=\"elementor-background-overlay\"><\/div>\n\t\t\t\t\t\t\t\t<div class=\"elementor-element elementor-element-5afb5694 elementor-hidden-phone elementor-widget elementor-widget-image\" data-id=\"5afb5694\" data-element_type=\"widget\" data-widget_type=\"image.default\">\n\t\t\t\t<div class=\"elementor-widget-container\">\n\t\t\t\t\t\t\t\t\t\t\t\t\t\t\t<img src=\"https:\/\/alarmasdigitales.com\/wp-content\/uploads\/2021\/09\/WhatsApp-Image-2021-09-15-at-7.09.24-PM.jpeg\" title=\"WhatsApp Image 2021-09-15 at 7.09.24 PM\" alt=\"WhatsApp Image 2021-09-15 at 7.09.24 PM\" \/>\t\t\t\t\t\t\t\t\t\t\t\t\t\t\t<\/div>\n\t\t\t\t<\/div>\n\t\t\t\t\t<\/div>\n\t\t<\/div>\n\t\t\t\t<div class=\"elementor-column elementor-col-50 elementor-top-column elementor-element elementor-element-7b15aca3\" data-id=\"7b15aca3\" data-element_type=\"column\" data-settings=\"{&quot;background_background&quot;:&quot;none&quot;}\">\n\t\t\t<div class=\"elementor-widget-wrap elementor-element-populated\">\n\t\t\t\t\t\t\t\t<div class=\"elementor-element elementor-element-6cfbf98a elementor-widget elementor-widget-image\" data-id=\"6cfbf98a\" data-element_type=\"widget\" data-widget_type=\"image.default\">\n\t\t\t\t<div class=\"elementor-widget-container\">\n\t\t\t\t\t\t\t\t\t\t\t\t\t\t\t<img width=\"313\" height=\"176\" src=\"https:\/\/alarmasdigitales.com\/wp-content\/uploads\/2021\/08\/cropped-cropped-30073072_1941933752503881_2053803462433084682_o-e1630052742119-1-1-removebg-preview-1.png\" class=\"attachment-medium_large size-medium_large\" alt=\"\" loading=\"lazy\" srcset=\"https:\/\/alarmasdigitales.com\/wp-content\/uploads\/2021\/08\/cropped-cropped-30073072_1941933752503881_2053803462433084682_o-e1630052742119-1-1-removebg-preview-1.png 313w, https:\/\/alarmasdigitales.com\/wp-content\/uploads\/2021\/08\/cropped-cropped-30073072_1941933752503881_2053803462433084682_o-e1630052742119-1-1-removebg-preview-1-300x169.png 300w\" sizes=\"(max-width: 313px) 100vw, 313px\" \/>\t\t\t\t\t\t\t\t\t\t\t\t\t\t\t<\/div>\n\t\t\t\t<\/div>\n\t\t\t\t<div class=\"elementor-element elementor-element-3e3995f5 elementor-widget elementor-widget-global elementor-global-705 elementor-widget-heading\" data-id=\"3e3995f5\" data-element_type=\"widget\" data-widget_type=\"heading.default\">\n\t\t\t\t<div class=\"elementor-widget-container\">\n\t\t\t<h2 class=\"elementor-heading-title elementor-size-default\">VIVE Y DUERME TRANQUILO<\/h2>\t\t<\/div>\n\t\t\t\t<\/div>\n\t\t\t\t<div class=\"elementor-element elementor-element-5e7d8b4d elementor-widget elementor-widget-heading\" data-id=\"5e7d8b4d\" data-element_type=\"widget\" data-widget_type=\"heading.default\">\n\t\t\t\t<div class=\"elementor-widget-container\">\n\t\t\t<h2 class=\"elementor-heading-title elementor-size-default\">SISTEMA DE MONITOREO<\/h2>\t\t<\/div>\n\t\t\t\t<\/div>\n\t\t\t\t<div class=\"elementor-element elementor-element-77411043 elementor-widget-divider--view-line elementor-widget elementor-widget-divider\" data-id=\"77411043\" data-element_type=\"widget\" data-widget_type=\"divider.default\">\n\t\t\t\t<div class=\"elementor-widget-container\">\n\t\t\t\t\t<div class=\"elementor-divider\">\n\t\t\t<span class=\"elementor-divider-separator\">\n\t\t\t\t\t\t<\/span>\n\t\t<\/div>\n\t\t\t\t<\/div>\n\t\t\t\t<\/div>\n\t\t\t\t<div class=\"elementor-element elementor-element-16566a1 elementor-hidden-phone elementor-widget elementor-widget-accordion\" data-id=\"16566a1\" data-element_type=\"widget\" data-widget_type=\"accordion.default\">\n\t\t\t\t<div class=\"elementor-widget-container\">\n\t\t\t\t\t<div class=\"elementor-accordion\" role=\"tablist\">\n\t\t\t\t\t\t\t<div class=\"elementor-accordion-item\">\n\t\t\t\t\t<div id=\"elementor-tab-title-2341\" class=\"elementor-tab-title\" data-tab=\"1\" role=\"tab\" aria-controls=\"elementor-tab-content-2341\" aria-expanded=\"false\">\n\t\t\t\t\t\t\t\t\t\t\t\t\t<span class=\"elementor-accordion-icon elementor-accordion-icon-left\" aria-hidden=\"true\">\n\t\t\t\t\t\t\t\t\t\t\t\t\t\t\t<span class=\"elementor-accordion-icon-closed\"><i class=\"fas fa-plus\"><\/i><\/span>\n\t\t\t\t\t\t\t\t<span class=\"elementor-accordion-icon-opened\"><i class=\"fas fa-minus\"><\/i><\/span>\n\t\t\t\t\t\t\t\t\t\t\t\t\t\t<\/span>\n\t\t\t\t\t\t\t\t\t\t\t\t<a class=\"elementor-accordion-title\" href=\"\">LA COMUNICACI\u00d3N L\u00cdNEA TELEF\u00d3NICA\u00a0<\/a>\n\t\t\t\t\t<\/div>\n\t\t\t\t\t<div id=\"elementor-tab-content-2341\" class=\"elementor-tab-content elementor-clearfix\" data-tab=\"1\" role=\"tabpanel\" aria-labelledby=\"elementor-tab-title-2341\"><p><span style=\"color: rgb(0, 0, 0);\"><b>Es la primera fase para la comunicaci\u00f3n entre el panel hacia la central de monitoreo, funciona que el evento telef\u00f3nico sale del panel y viaja por EL PROTOCOLO DE COMUNICACI\u00d3N EN&nbsp; TIEMPO REAL (RTPC) hasta la receptora de la central, llegando la informaci\u00f3n a los operadores y los eventos&nbsp;<\/b><\/span><\/p><\/div>\n\t\t\t\t<\/div>\n\t\t\t\t\t\t\t<div class=\"elementor-accordion-item\">\n\t\t\t\t\t<div id=\"elementor-tab-title-2342\" class=\"elementor-tab-title\" data-tab=\"2\" role=\"tab\" aria-controls=\"elementor-tab-content-2342\" aria-expanded=\"false\">\n\t\t\t\t\t\t\t\t\t\t\t\t\t<span class=\"elementor-accordion-icon elementor-accordion-icon-left\" aria-hidden=\"true\">\n\t\t\t\t\t\t\t\t\t\t\t\t\t\t\t<span class=\"elementor-accordion-icon-closed\"><i class=\"fas fa-plus\"><\/i><\/span>\n\t\t\t\t\t\t\t\t<span class=\"elementor-accordion-icon-opened\"><i class=\"fas fa-minus\"><\/i><\/span>\n\t\t\t\t\t\t\t\t\t\t\t\t\t\t<\/span>\n\t\t\t\t\t\t\t\t\t\t\t\t<a class=\"elementor-accordion-title\" href=\"\">LA COMUNICACI\u00d3N DE RADIO UHF DE LARGO ALCANCE\u00a0<\/a>\n\t\t\t\t\t<\/div>\n\t\t\t\t\t<div id=\"elementor-tab-content-2342\" class=\"elementor-tab-content elementor-clearfix\" data-tab=\"2\" role=\"tabpanel\" aria-labelledby=\"elementor-tab-title-2342\"><p><span style=\"color: rgb(0, 0, 0);\"><b>Son equipos fabricados con tecnolog\u00eda para brindar un alto nivel de seguridad, la comunicaci\u00f3n a la central de monitoreo de alta seguridad en menos de 1 segundo, llegando a un&nbsp; alcance de hasta 30 metros de distancia entre el panel de alarma y la central con una frecuencia de 470-500 MHZ La comunicaci\u00f3n PROTOCOLO DE INTERNET (IP). es la base de la&nbsp; comunicaci\u00f3n en Internet y comunicadores IP es segura la comunicaci\u00f3n para sistemas de alarma. Ya que env\u00eda la informaci\u00f3n en la aplicaci\u00f3n de los eventos recibidos.&nbsp;<\/b><\/span><\/p><\/div>\n\t\t\t\t<\/div>\n\t\t\t\t\t\t\t<div class=\"elementor-accordion-item\">\n\t\t\t\t\t<div id=\"elementor-tab-title-2343\" class=\"elementor-tab-title\" data-tab=\"3\" role=\"tab\" aria-controls=\"elementor-tab-content-2343\" aria-expanded=\"false\">\n\t\t\t\t\t\t\t\t\t\t\t\t\t<span class=\"elementor-accordion-icon elementor-accordion-icon-left\" aria-hidden=\"true\">\n\t\t\t\t\t\t\t\t\t\t\t\t\t\t\t<span class=\"elementor-accordion-icon-closed\"><i class=\"fas fa-plus\"><\/i><\/span>\n\t\t\t\t\t\t\t\t<span class=\"elementor-accordion-icon-opened\"><i class=\"fas fa-minus\"><\/i><\/span>\n\t\t\t\t\t\t\t\t\t\t\t\t\t\t<\/span>\n\t\t\t\t\t\t\t\t\t\t\t\t<a class=\"elementor-accordion-title\" href=\"\">SISTEMA GENERAL DE RADIO PAQUETE (GPRS)\u00a0<\/a>\n\t\t\t\t\t<\/div>\n\t\t\t\t\t<div id=\"elementor-tab-content-2343\" class=\"elementor-tab-content elementor-clearfix\" data-tab=\"3\" role=\"tabpanel\" aria-labelledby=\"elementor-tab-title-2343\"><p><span style=\"color: rgb(0, 0, 0);\"><b>Tiene la modalidad ESTANDAR GLOBAL PARA TELECOMUNICACIONES MOVILES (GSM) por parte de la telefon\u00eda ,para la transmisi\u00f3n de informaci\u00f3n , permite enviar y recibir las se\u00f1ales de alarma emitidas por el panel de alarma , dar el seguimiento es necesario la aplicaci\u00f3n para GPRS<\/b><\/span><\/p><\/div>\n\t\t\t\t<\/div>\n\t\t\t\t\t\t\t\t<\/div>\n\t\t\t\t<\/div>\n\t\t\t\t<\/div>\n\t\t\t\t<div class=\"elementor-element elementor-element-04a6e34 elementor-hidden-desktop elementor-hidden-tablet elementor-widget elementor-widget-accordion\" data-id=\"04a6e34\" data-element_type=\"widget\" data-widget_type=\"accordion.default\">\n\t\t\t\t<div class=\"elementor-widget-container\">\n\t\t\t\t\t<div class=\"elementor-accordion\" role=\"tablist\">\n\t\t\t\t\t\t\t<div class=\"elementor-accordion-item\">\n\t\t\t\t\t<div id=\"elementor-tab-title-4871\" class=\"elementor-tab-title\" data-tab=\"1\" role=\"tab\" aria-controls=\"elementor-tab-content-4871\" aria-expanded=\"false\">\n\t\t\t\t\t\t\t\t\t\t\t\t\t<span class=\"elementor-accordion-icon elementor-accordion-icon-left\" aria-hidden=\"true\">\n\t\t\t\t\t\t\t\t\t\t\t\t\t\t\t<span class=\"elementor-accordion-icon-closed\"><i class=\"fas fa-plus\"><\/i><\/span>\n\t\t\t\t\t\t\t\t<span class=\"elementor-accordion-icon-opened\"><i class=\"fas fa-minus\"><\/i><\/span>\n\t\t\t\t\t\t\t\t\t\t\t\t\t\t<\/span>\n\t\t\t\t\t\t\t\t\t\t\t\t<a class=\"elementor-accordion-title\" href=\"\">LA COMUNICACI\u00d3N L\u00cdNEA TELEF\u00d3NICA\u00a0<\/a>\n\t\t\t\t\t<\/div>\n\t\t\t\t\t<div id=\"elementor-tab-content-4871\" class=\"elementor-tab-content elementor-clearfix\" data-tab=\"1\" role=\"tabpanel\" aria-labelledby=\"elementor-tab-title-4871\"><h6><span style=\"color: #000000;\"><b>Es la primera fase para la comunicaci\u00f3n entre el panel hacia la central de monitoreo, funciona que el evento telef\u00f3nico sale del panel y viaja por EL PROTOCOLO DE COMUNICACI\u00d3N EN\u00a0 TIEMPO REAL (RTPC) hasta la receptora de la central, llegando la informaci\u00f3n a los operadores y los eventos\u00a0<\/b><\/span><\/h6><\/div>\n\t\t\t\t<\/div>\n\t\t\t\t\t\t\t<div class=\"elementor-accordion-item\">\n\t\t\t\t\t<div id=\"elementor-tab-title-4872\" class=\"elementor-tab-title\" data-tab=\"2\" role=\"tab\" aria-controls=\"elementor-tab-content-4872\" aria-expanded=\"false\">\n\t\t\t\t\t\t\t\t\t\t\t\t\t<span class=\"elementor-accordion-icon elementor-accordion-icon-left\" aria-hidden=\"true\">\n\t\t\t\t\t\t\t\t\t\t\t\t\t\t\t<span class=\"elementor-accordion-icon-closed\"><i class=\"fas fa-plus\"><\/i><\/span>\n\t\t\t\t\t\t\t\t<span class=\"elementor-accordion-icon-opened\"><i class=\"fas fa-minus\"><\/i><\/span>\n\t\t\t\t\t\t\t\t\t\t\t\t\t\t<\/span>\n\t\t\t\t\t\t\t\t\t\t\t\t<a class=\"elementor-accordion-title\" href=\"\">LA COMUNICACI\u00d3N DE RADIO UHF DE LARGO ALCANCE\u00a0<\/a>\n\t\t\t\t\t<\/div>\n\t\t\t\t\t<div id=\"elementor-tab-content-4872\" class=\"elementor-tab-content elementor-clearfix\" data-tab=\"2\" role=\"tabpanel\" aria-labelledby=\"elementor-tab-title-4872\"><h5><span style=\"color: #000000;\"><b>Son equipos fabricados con tecnolog\u00eda para brindar un alto nivel de seguridad, la comunicaci\u00f3n a la central de monitoreo de alta seguridad en menos de 1 segundo, llegando a un\u00a0 alcance de hasta 30 metros de distancia entre el panel de alarma y la central con una frecuencia de 470-500 MHZ La comunicaci\u00f3n PROTOCOLO DE INTERNET (IP). es la base de la\u00a0 comunicaci\u00f3n en Internet y comunicadores IP es segura la comunicaci\u00f3n para sistemas de alarma. Ya que env\u00eda la informaci\u00f3n en la aplicaci\u00f3n de los eventos recibidos.\u00a0<\/b><\/span><\/h5><\/div>\n\t\t\t\t<\/div>\n\t\t\t\t\t\t\t<div class=\"elementor-accordion-item\">\n\t\t\t\t\t<div id=\"elementor-tab-title-4873\" class=\"elementor-tab-title\" data-tab=\"3\" role=\"tab\" aria-controls=\"elementor-tab-content-4873\" aria-expanded=\"false\">\n\t\t\t\t\t\t\t\t\t\t\t\t\t<span class=\"elementor-accordion-icon elementor-accordion-icon-left\" aria-hidden=\"true\">\n\t\t\t\t\t\t\t\t\t\t\t\t\t\t\t<span class=\"elementor-accordion-icon-closed\"><i class=\"fas fa-plus\"><\/i><\/span>\n\t\t\t\t\t\t\t\t<span class=\"elementor-accordion-icon-opened\"><i class=\"fas fa-minus\"><\/i><\/span>\n\t\t\t\t\t\t\t\t\t\t\t\t\t\t<\/span>\n\t\t\t\t\t\t\t\t\t\t\t\t<a class=\"elementor-accordion-title\" href=\"\">SISTEMA GENERAL DE RADIO PAQUETE (GPRS)\u00a0<\/a>\n\t\t\t\t\t<\/div>\n\t\t\t\t\t<div id=\"elementor-tab-content-4873\" class=\"elementor-tab-content elementor-clearfix\" data-tab=\"3\" role=\"tabpanel\" aria-labelledby=\"elementor-tab-title-4873\"><h5><span style=\"color: #000000;\"><b>Tiene la modalidad ESTANDAR GLOBAL PARA TELECOMUNICACIONES MOVILES (GSM) por parte de la telefon\u00eda ,para la transmisi\u00f3n de informaci\u00f3n , permite enviar y recibir las se\u00f1ales de alarma emitidas por el panel de alarma , dar el seguimiento es necesario la aplicaci\u00f3n para GPRS<\/b><\/span><\/h5><\/div>\n\t\t\t\t<\/div>\n\t\t\t\t\t\t\t\t<\/div>\n\t\t\t\t<\/div>\n\t\t\t\t<\/div>\n\t\t\t\t\t<\/div>\n\t\t<\/div>\n\t\t\t\t\t\t\t<\/div>\n\t\t<\/section>\n\t\t\t\t\t\t<\/div>\n\t\t\t\t\t<\/div>\n\t\t","protected":false},"excerpt":{"rendered":"<p>VIVE Y DUERME TRANQUILO SISTEMA DE MONITOREO LA COMUNICACI\u00d3N L\u00cdNEA TELEF\u00d3NICA\u00a0 Es la primera fase para la comunicaci\u00f3n entre el panel hacia la central de monitoreo, funciona que el evento&hellip;<\/p>\n","protected":false},"author":1,"featured_media":0,"parent":0,"menu_order":0,"comment_status":"closed","ping_status":"closed","template":"","meta":{"om_disable_all_campaigns":false},"_links":{"self":[{"href":"https:\/\/alarmasdigitales.com\/index.php\/wp-json\/wp\/v2\/pages\/875"}],"collection":[{"href":"https:\/\/alarmasdigitales.com\/index.php\/wp-json\/wp\/v2\/pages"}],"about":[{"href":"https:\/\/alarmasdigitales.com\/index.php\/wp-json\/wp\/v2\/types\/page"}],"author":[{"embeddable":true,"href":"https:\/\/alarmasdigitales.com\/index.php\/wp-json\/wp\/v2\/users\/1"}],"replies":[{"embeddable":true,"href":"https:\/\/alarmasdigitales.com\/index.php\/wp-json\/wp\/v2\/comments?post=875"}],"version-history":[{"count":15,"href":"https:\/\/alarmasdigitales.com\/index.php\/wp-json\/wp\/v2\/pages\/875\/revisions"}],"predecessor-version":[{"id":1060,"href":"https:\/\/alarmasdigitales.com\/index.php\/wp-json\/wp\/v2\/pages\/875\/revisions\/1060"}],"wp:attachment":[{"href":"https:\/\/alarmasdigitales.com\/index.php\/wp-json\/wp\/v2\/media?parent=875"}],"curies":[{"name":"wp","href":"https:\/\/api.w.org\/{rel}","templated":true}]}}