{"id":888,"date":"2021-09-16T00:19:20","date_gmt":"2021-09-16T00:19:20","guid":{"rendered":"http:\/\/alarmasdigitales.com\/?page_id=888"},"modified":"2021-10-04T19:05:18","modified_gmt":"2021-10-04T19:05:18","slug":"cctv","status":"publish","type":"page","link":"https:\/\/alarmasdigitales.com\/index.php\/cctv\/","title":{"rendered":"CCTV"},"content":{"rendered":"\t\t<div data-elementor-type=\"wp-page\" data-elementor-id=\"888\" class=\"elementor elementor-888\" data-elementor-settings=\"[]\">\n\t\t\t\t\t\t\t<div class=\"elementor-section-wrap\">\n\t\t\t\t\t\t\t<section class=\"elementor-section elementor-top-section elementor-element elementor-element-120f88fc elementor-section-stretched elementor-section-full_width elementor-section-height-min-height elementor-section-items-stretch elementor-section-content-middle elementor-section-height-default\" data-id=\"120f88fc\" data-element_type=\"section\" data-settings=\"{&quot;stretch_section&quot;:&quot;section-stretched&quot;,&quot;background_background&quot;:&quot;classic&quot;}\">\n\t\t\t\t\t\t\t<div class=\"elementor-background-overlay\"><\/div>\n\t\t\t\t\t\t\t<div class=\"elementor-container elementor-column-gap-no\">\n\t\t\t\t\t<div class=\"elementor-column elementor-col-50 elementor-top-column elementor-element elementor-element-6b2f44da\" data-id=\"6b2f44da\" data-element_type=\"column\" data-settings=\"{&quot;background_background&quot;:&quot;classic&quot;}\">\n\t\t\t<div class=\"elementor-widget-wrap elementor-element-populated\">\n\t\t\t\t\t<div class=\"elementor-background-overlay\"><\/div>\n\t\t\t\t\t\t\t\t<div class=\"elementor-element elementor-element-1654040b elementor-hidden-phone elementor-widget elementor-widget-image\" data-id=\"1654040b\" data-element_type=\"widget\" data-widget_type=\"image.default\">\n\t\t\t\t<div class=\"elementor-widget-container\">\n\t\t\t\t\t\t\t\t\t\t\t\t\t\t\t<img src=\"https:\/\/alarmasdigitales.com\/wp-content\/uploads\/2021\/09\/WhatsApp-Image-2021-09-15-at-7.17.41-PM.jpeg\" title=\"WhatsApp Image 2021-09-15 at 7.17.41 PM\" alt=\"WhatsApp Image 2021-09-15 at 7.17.41 PM\" \/>\t\t\t\t\t\t\t\t\t\t\t\t\t\t\t<\/div>\n\t\t\t\t<\/div>\n\t\t\t\t\t<\/div>\n\t\t<\/div>\n\t\t\t\t<div class=\"elementor-column elementor-col-50 elementor-top-column elementor-element elementor-element-8cbe505\" data-id=\"8cbe505\" data-element_type=\"column\" data-settings=\"{&quot;background_background&quot;:&quot;none&quot;}\">\n\t\t\t<div class=\"elementor-widget-wrap elementor-element-populated\">\n\t\t\t\t\t\t\t\t<div class=\"elementor-element elementor-element-14d96f55 elementor-widget-mobile__width-inherit elementor-widget elementor-widget-image\" data-id=\"14d96f55\" data-element_type=\"widget\" data-widget_type=\"image.default\">\n\t\t\t\t<div class=\"elementor-widget-container\">\n\t\t\t\t\t\t\t\t\t\t\t\t\t\t\t<img width=\"313\" height=\"176\" src=\"https:\/\/alarmasdigitales.com\/wp-content\/uploads\/2021\/08\/cropped-cropped-30073072_1941933752503881_2053803462433084682_o-e1630052742119-1-1-removebg-preview-1.png\" class=\"attachment-medium_large size-medium_large\" alt=\"\" loading=\"lazy\" srcset=\"https:\/\/alarmasdigitales.com\/wp-content\/uploads\/2021\/08\/cropped-cropped-30073072_1941933752503881_2053803462433084682_o-e1630052742119-1-1-removebg-preview-1.png 313w, https:\/\/alarmasdigitales.com\/wp-content\/uploads\/2021\/08\/cropped-cropped-30073072_1941933752503881_2053803462433084682_o-e1630052742119-1-1-removebg-preview-1-300x169.png 300w\" sizes=\"(max-width: 313px) 100vw, 313px\" \/>\t\t\t\t\t\t\t\t\t\t\t\t\t\t\t<\/div>\n\t\t\t\t<\/div>\n\t\t\t\t<div class=\"elementor-element elementor-element-613b5151 elementor-widget elementor-widget-global elementor-global-705 elementor-widget-heading\" data-id=\"613b5151\" data-element_type=\"widget\" data-widget_type=\"heading.default\">\n\t\t\t\t<div class=\"elementor-widget-container\">\n\t\t\t<h2 class=\"elementor-heading-title elementor-size-default\">VIVE Y DUERME TRANQUILO<\/h2>\t\t<\/div>\n\t\t\t\t<\/div>\n\t\t\t\t<div class=\"elementor-element elementor-element-778bf8cd elementor-widget elementor-widget-heading\" data-id=\"778bf8cd\" data-element_type=\"widget\" data-widget_type=\"heading.default\">\n\t\t\t\t<div class=\"elementor-widget-container\">\n\t\t\t<h2 class=\"elementor-heading-title elementor-size-default\">CCTV<\/h2>\t\t<\/div>\n\t\t\t\t<\/div>\n\t\t\t\t<div class=\"elementor-element elementor-element-5b720612 elementor-widget-divider--view-line elementor-widget elementor-widget-divider\" data-id=\"5b720612\" data-element_type=\"widget\" data-widget_type=\"divider.default\">\n\t\t\t\t<div class=\"elementor-widget-container\">\n\t\t\t\t\t<div class=\"elementor-divider\">\n\t\t\t<span class=\"elementor-divider-separator\">\n\t\t\t\t\t\t<\/span>\n\t\t<\/div>\n\t\t\t\t<\/div>\n\t\t\t\t<\/div>\n\t\t\t\t<div class=\"elementor-element elementor-element-2e24f93b elementor-widget elementor-widget-text-editor\" data-id=\"2e24f93b\" data-element_type=\"widget\" data-widget_type=\"text-editor.default\">\n\t\t\t\t<div class=\"elementor-widget-container\">\n\t\t\t\t\t\t\t\t<h5 style=\"text-align: center;\"><strong>Somos especialistas en instalaci\u00f3n de c\u00e1maras de vigilancia CIRCUITO CERRADO DE TELEVICI\u00d3N (CCTV) para uso domestico (en casas), uso comercial para negocios, oficinas, escuelas, naves industriales, entre otros. Puede visualizar las c\u00e1maras de seguridad desde sus dispositivos m\u00f3viles, Tablet o computadora, solo necesita tener acceso a Internet. <\/strong><\/h5>\t\t\t\t\t\t<\/div>\n\t\t\t\t<\/div>\n\t\t\t\t\t<\/div>\n\t\t<\/div>\n\t\t\t\t\t\t\t<\/div>\n\t\t<\/section>\n\t\t\t\t\t\t<\/div>\n\t\t\t\t\t<\/div>\n\t\t","protected":false},"excerpt":{"rendered":"<p>VIVE Y DUERME TRANQUILO CCTV Somos especialistas en instalaci\u00f3n de c\u00e1maras de vigilancia CIRCUITO CERRADO DE TELEVICI\u00d3N (CCTV) para uso domestico (en casas), uso comercial para negocios, oficinas, escuelas, naves&hellip;<\/p>\n","protected":false},"author":1,"featured_media":0,"parent":0,"menu_order":0,"comment_status":"closed","ping_status":"closed","template":"","meta":{"om_disable_all_campaigns":false},"_links":{"self":[{"href":"https:\/\/alarmasdigitales.com\/index.php\/wp-json\/wp\/v2\/pages\/888"}],"collection":[{"href":"https:\/\/alarmasdigitales.com\/index.php\/wp-json\/wp\/v2\/pages"}],"about":[{"href":"https:\/\/alarmasdigitales.com\/index.php\/wp-json\/wp\/v2\/types\/page"}],"author":[{"embeddable":true,"href":"https:\/\/alarmasdigitales.com\/index.php\/wp-json\/wp\/v2\/users\/1"}],"replies":[{"embeddable":true,"href":"https:\/\/alarmasdigitales.com\/index.php\/wp-json\/wp\/v2\/comments?post=888"}],"version-history":[{"count":24,"href":"https:\/\/alarmasdigitales.com\/index.php\/wp-json\/wp\/v2\/pages\/888\/revisions"}],"predecessor-version":[{"id":1066,"href":"https:\/\/alarmasdigitales.com\/index.php\/wp-json\/wp\/v2\/pages\/888\/revisions\/1066"}],"wp:attachment":[{"href":"https:\/\/alarmasdigitales.com\/index.php\/wp-json\/wp\/v2\/media?parent=888"}],"curies":[{"name":"wp","href":"https:\/\/api.w.org\/{rel}","templated":true}]}}